{"id":281,"date":"2022-05-06T15:35:44","date_gmt":"2022-05-06T15:35:44","guid":{"rendered":"https:\/\/da-partner-wp.eliott-markus.digital\/accueil\/"},"modified":"2026-02-27T10:28:29","modified_gmt":"2026-02-27T10:28:29","slug":"accueil","status":"publish","type":"page","link":"https:\/\/dnapartners.fr\/en\/","title":{"rendered":"Homepage"},"content":{"rendered":"\n<p><\/p>\n\n\n\n<p><\/p>\n","protected":false},"excerpt":{"rendered":"","protected":false},"author":4,"featured_media":0,"parent":0,"menu_order":0,"comment_status":"closed","ping_status":"closed","template":"pages\/home.php","meta":{"_acf_changed":false,"footnotes":""},"class_list":["post-281","page","type-page","status-publish","hentry"],"acf":[],"yoast_head":"<!-- This site is optimized with the Yoast SEO plugin v27.1.1 - https:\/\/yoast.com\/product\/yoast-seo-wordpress\/ -->\n<title>d&amp;a partners | Avocats des entrepreneurs de la Tech et la blockchain<\/title>\n<meta name=\"description\" content=\"Cabinet d&#039;avocats expert en mati\u00e8re de blockchain et fintech, d\u00e9di\u00e9 aux soci\u00e9t\u00e9s innovantes et port\u00e9 par des avocats issus des meilleurs cabinets d\u2019affaires.\" \/>\n<meta name=\"robots\" content=\"index, follow, max-snippet:-1, max-image-preview:large, max-video-preview:-1\" \/>\n<link rel=\"canonical\" href=\"https:\/\/dnapartners.fr\/en\/\" \/>\n<meta property=\"og:locale\" content=\"en_US\" \/>\n<meta property=\"og:type\" content=\"article\" \/>\n<meta property=\"og:title\" content=\"d&amp;a partners | Avocats des entrepreneurs de la Tech et la blockchain\" \/>\n<meta property=\"og:description\" content=\"Cabinet d&#039;avocats expert en mati\u00e8re de blockchain et fintech, d\u00e9di\u00e9 aux soci\u00e9t\u00e9s innovantes et port\u00e9 par des avocats issus des meilleurs cabinets d\u2019affaires.\" \/>\n<meta property=\"og:url\" content=\"https:\/\/dnapartners.fr\/en\/\" \/>\n<meta property=\"og:site_name\" content=\"d&amp;a partners\" \/>\n<meta property=\"article:modified_time\" content=\"2026-02-27T10:28:29+00:00\" \/>\n<meta name=\"twitter:card\" content=\"summary_large_image\" \/>\n<script type=\"application\/ld+json\" class=\"yoast-schema-graph\">{\"@context\":\"https:\/\/schema.org\",\"@graph\":[{\"@type\":\"WebPage\",\"@id\":\"https:\/\/dnapartners.fr\/en\/\",\"url\":\"https:\/\/dnapartners.fr\/en\/\",\"name\":\"d&a partners | Avocats des entrepreneurs de la Tech et la blockchain\",\"isPartOf\":{\"@id\":\"https:\/\/dnapartners.fr\/#website\"},\"datePublished\":\"2022-05-06T15:35:44+00:00\",\"dateModified\":\"2026-02-27T10:28:29+00:00\",\"description\":\"Cabinet d'avocats expert en mati\u00e8re de blockchain et fintech, d\u00e9di\u00e9 aux soci\u00e9t\u00e9s innovantes et port\u00e9 par des avocats issus des meilleurs cabinets d\u2019affaires.\",\"inLanguage\":\"en-US\",\"potentialAction\":[{\"@type\":\"ReadAction\",\"target\":[\"https:\/\/dnapartners.fr\/en\/\"]}]},{\"@type\":\"WebSite\",\"@id\":\"https:\/\/dnapartners.fr\/#website\",\"url\":\"https:\/\/dnapartners.fr\/\",\"name\":\"d&amp;a partners\",\"description\":\"Avocats des entrepreneurs de la Tech et la Blockchain\",\"potentialAction\":[{\"@type\":\"SearchAction\",\"target\":{\"@type\":\"EntryPoint\",\"urlTemplate\":\"https:\/\/dnapartners.fr\/?s={search_term_string}\"},\"query-input\":{\"@type\":\"PropertyValueSpecification\",\"valueRequired\":true,\"valueName\":\"search_term_string\"}}],\"inLanguage\":\"en-US\"}]}<\/script>\n<!-- \/ Yoast SEO plugin. -->","yoast_head_json":{"title":"d&a partners | Avocats des entrepreneurs de la Tech et la blockchain","description":"Cabinet d'avocats expert en mati\u00e8re de blockchain et fintech, d\u00e9di\u00e9 aux soci\u00e9t\u00e9s innovantes et port\u00e9 par des avocats issus des meilleurs cabinets d\u2019affaires.","robots":{"index":"index","follow":"follow","max-snippet":"max-snippet:-1","max-image-preview":"max-image-preview:large","max-video-preview":"max-video-preview:-1"},"canonical":"https:\/\/dnapartners.fr\/en\/","og_locale":"en_US","og_type":"article","og_title":"d&a partners | Avocats des entrepreneurs de la Tech et la blockchain","og_description":"Cabinet d'avocats expert en mati\u00e8re de blockchain et fintech, d\u00e9di\u00e9 aux soci\u00e9t\u00e9s innovantes et port\u00e9 par des avocats issus des meilleurs cabinets d\u2019affaires.","og_url":"https:\/\/dnapartners.fr\/en\/","og_site_name":"d&amp;a partners","article_modified_time":"2026-02-27T10:28:29+00:00","twitter_card":"summary_large_image","schema":{"@context":"https:\/\/schema.org","@graph":[{"@type":"WebPage","@id":"https:\/\/dnapartners.fr\/en\/","url":"https:\/\/dnapartners.fr\/en\/","name":"d&a partners | Avocats des entrepreneurs de la Tech et la blockchain","isPartOf":{"@id":"https:\/\/dnapartners.fr\/#website"},"datePublished":"2022-05-06T15:35:44+00:00","dateModified":"2026-02-27T10:28:29+00:00","description":"Cabinet d'avocats expert en mati\u00e8re de blockchain et fintech, d\u00e9di\u00e9 aux soci\u00e9t\u00e9s innovantes et port\u00e9 par des avocats issus des meilleurs cabinets d\u2019affaires.","inLanguage":"en-US","potentialAction":[{"@type":"ReadAction","target":["https:\/\/dnapartners.fr\/en\/"]}]},{"@type":"WebSite","@id":"https:\/\/dnapartners.fr\/#website","url":"https:\/\/dnapartners.fr\/","name":"d&amp;a partners","description":"Avocats des entrepreneurs de la Tech et la Blockchain","potentialAction":[{"@type":"SearchAction","target":{"@type":"EntryPoint","urlTemplate":"https:\/\/dnapartners.fr\/?s={search_term_string}"},"query-input":{"@type":"PropertyValueSpecification","valueRequired":true,"valueName":"search_term_string"}}],"inLanguage":"en-US"}]}},"_links":{"self":[{"href":"https:\/\/dnapartners.fr\/en\/wp-json\/wp\/v2\/pages\/281","targetHints":{"allow":["GET"]}}],"collection":[{"href":"https:\/\/dnapartners.fr\/en\/wp-json\/wp\/v2\/pages"}],"about":[{"href":"https:\/\/dnapartners.fr\/en\/wp-json\/wp\/v2\/types\/page"}],"author":[{"embeddable":true,"href":"https:\/\/dnapartners.fr\/en\/wp-json\/wp\/v2\/users\/4"}],"replies":[{"embeddable":true,"href":"https:\/\/dnapartners.fr\/en\/wp-json\/wp\/v2\/comments?post=281"}],"version-history":[{"count":167,"href":"https:\/\/dnapartners.fr\/en\/wp-json\/wp\/v2\/pages\/281\/revisions"}],"predecessor-version":[{"id":2731,"href":"https:\/\/dnapartners.fr\/en\/wp-json\/wp\/v2\/pages\/281\/revisions\/2731"}],"wp:attachment":[{"href":"https:\/\/dnapartners.fr\/en\/wp-json\/wp\/v2\/media?parent=281"}],"curies":[{"name":"wp","href":"https:\/\/api.w.org\/{rel}","templated":true}]}}